{"id":596,"date":"2023-07-12T13:25:32","date_gmt":"2023-07-12T13:25:32","guid":{"rendered":"https:\/\/bigcountrypetco.com\/?page_id=596"},"modified":"2023-08-28T18:36:41","modified_gmt":"2023-08-28T18:36:41","slug":"produits","status":"publish","type":"page","link":"https:\/\/bigcountrypetco.com\/fr\/produits\/","title":{"rendered":"Produits"},"content":{"rendered":"","protected":false},"excerpt":{"rendered":"","protected":false},"author":1,"featured_media":0,"parent":0,"menu_order":0,"comment_status":"closed","ping_status":"closed","template":"template-products-parent.php","meta":{"footnotes":""},"class_list":["post-596","page","type-page","status-publish","hentry"],"acf":[],"yoast_head":"<!-- This site is optimized with the Yoast SEO plugin v20.12 - https:\/\/yoast.com\/wordpress\/plugins\/seo\/ -->\n<title>Produits - Big Country Pet Co<\/title>\n<meta name=\"description\" content=\"Caravan Country Cookhouse est un repas \u00e9quilibr\u00e9 sur le plan nutritionnel, cuit \u00e0 la marmite, pr\u00eat \u00e0 \u00eatre d\u00e9gust\u00e9. Cuits \u00e0 basse temp\u00e9rature puis surgel\u00e9s pour conserver un maximum de nutriments, ces repas sont la meilleure alternative \u00e0 la cuisine maison.\" \/>\n<meta name=\"robots\" content=\"index, follow, max-snippet:-1, max-image-preview:large, max-video-preview:-1\" \/>\n<link rel=\"canonical\" href=\"https:\/\/bigcountrypetco.com\/fr\/produits\/\" \/>\n<meta property=\"og:locale\" content=\"fr_FR\" \/>\n<meta property=\"og:type\" content=\"article\" \/>\n<meta property=\"og:title\" content=\"Produits - Big Country Pet Co\" \/>\n<meta property=\"og:description\" content=\"Caravan Country Cookhouse est un repas \u00e9quilibr\u00e9 sur le plan nutritionnel, cuit \u00e0 la marmite, pr\u00eat \u00e0 \u00eatre d\u00e9gust\u00e9. Cuits \u00e0 basse temp\u00e9rature puis surgel\u00e9s pour conserver un maximum de nutriments, ces repas sont la meilleure alternative \u00e0 la cuisine maison.\" \/>\n<meta property=\"og:url\" content=\"https:\/\/bigcountrypetco.com\/fr\/produits\/\" \/>\n<meta property=\"og:site_name\" content=\"Big Country Pet Co\" \/>\n<meta property=\"article:modified_time\" content=\"2023-08-28T18:36:41+00:00\" \/>\n<meta name=\"twitter:card\" content=\"summary_large_image\" \/>\n<script type=\"application\/ld+json\" class=\"yoast-schema-graph\">{\"@context\":\"https:\/\/schema.org\",\"@graph\":[{\"@type\":\"WebPage\",\"@id\":\"https:\/\/bigcountrypetco.com\/fr\/produits\/\",\"url\":\"https:\/\/bigcountrypetco.com\/fr\/produits\/\",\"name\":\"Produits - Big Country Pet Co\",\"isPartOf\":{\"@id\":\"https:\/\/bigcountrypetco.com\/#website\"},\"datePublished\":\"2023-07-12T13:25:32+00:00\",\"dateModified\":\"2023-08-28T18:36:41+00:00\",\"description\":\"Caravan Country Cookhouse est un repas \u00e9quilibr\u00e9 sur le plan nutritionnel, cuit \u00e0 la marmite, pr\u00eat \u00e0 \u00eatre d\u00e9gust\u00e9. Cuits \u00e0 basse temp\u00e9rature puis surgel\u00e9s pour conserver un maximum de nutriments, ces repas sont la meilleure alternative \u00e0 la cuisine maison.\",\"breadcrumb\":{\"@id\":\"https:\/\/bigcountrypetco.com\/fr\/produits\/#breadcrumb\"},\"inLanguage\":\"fr-FR\",\"potentialAction\":[{\"@type\":\"ReadAction\",\"target\":[\"https:\/\/bigcountrypetco.com\/fr\/produits\/\"]}]},{\"@type\":\"BreadcrumbList\",\"@id\":\"https:\/\/bigcountrypetco.com\/fr\/produits\/#breadcrumb\",\"itemListElement\":[{\"@type\":\"ListItem\",\"position\":1,\"name\":\"Home\",\"item\":\"https:\/\/bigcountrypetco.com\/fr\/\"},{\"@type\":\"ListItem\",\"position\":2,\"name\":\"Produits\"}]},{\"@type\":\"WebSite\",\"@id\":\"https:\/\/bigcountrypetco.com\/#website\",\"url\":\"https:\/\/bigcountrypetco.com\/\",\"name\":\"Big Country Pet Co\",\"description\":\"Long live life.\",\"potentialAction\":[{\"@type\":\"SearchAction\",\"target\":{\"@type\":\"EntryPoint\",\"urlTemplate\":\"https:\/\/bigcountrypetco.com\/?s={search_term_string}\"},\"query-input\":\"required name=search_term_string\"}],\"inLanguage\":\"fr-FR\"}]}<\/script>\n<!-- \/ Yoast SEO plugin. -->","yoast_head_json":{"title":"Produits - Big Country Pet Co","description":"Caravan Country Cookhouse est un repas \u00e9quilibr\u00e9 sur le plan nutritionnel, cuit \u00e0 la marmite, pr\u00eat \u00e0 \u00eatre d\u00e9gust\u00e9. Cuits \u00e0 basse temp\u00e9rature puis surgel\u00e9s pour conserver un maximum de nutriments, ces repas sont la meilleure alternative \u00e0 la cuisine maison.","robots":{"index":"index","follow":"follow","max-snippet":"max-snippet:-1","max-image-preview":"max-image-preview:large","max-video-preview":"max-video-preview:-1"},"canonical":"https:\/\/bigcountrypetco.com\/fr\/produits\/","og_locale":"fr_FR","og_type":"article","og_title":"Produits - Big Country Pet Co","og_description":"Caravan Country Cookhouse est un repas \u00e9quilibr\u00e9 sur le plan nutritionnel, cuit \u00e0 la marmite, pr\u00eat \u00e0 \u00eatre d\u00e9gust\u00e9. Cuits \u00e0 basse temp\u00e9rature puis surgel\u00e9s pour conserver un maximum de nutriments, ces repas sont la meilleure alternative \u00e0 la cuisine maison.","og_url":"https:\/\/bigcountrypetco.com\/fr\/produits\/","og_site_name":"Big Country Pet Co","article_modified_time":"2023-08-28T18:36:41+00:00","twitter_card":"summary_large_image","schema":{"@context":"https:\/\/schema.org","@graph":[{"@type":"WebPage","@id":"https:\/\/bigcountrypetco.com\/fr\/produits\/","url":"https:\/\/bigcountrypetco.com\/fr\/produits\/","name":"Produits - Big Country Pet Co","isPartOf":{"@id":"https:\/\/bigcountrypetco.com\/#website"},"datePublished":"2023-07-12T13:25:32+00:00","dateModified":"2023-08-28T18:36:41+00:00","description":"Caravan Country Cookhouse est un repas \u00e9quilibr\u00e9 sur le plan nutritionnel, cuit \u00e0 la marmite, pr\u00eat \u00e0 \u00eatre d\u00e9gust\u00e9. Cuits \u00e0 basse temp\u00e9rature puis surgel\u00e9s pour conserver un maximum de nutriments, ces repas sont la meilleure alternative \u00e0 la cuisine maison.","breadcrumb":{"@id":"https:\/\/bigcountrypetco.com\/fr\/produits\/#breadcrumb"},"inLanguage":"fr-FR","potentialAction":[{"@type":"ReadAction","target":["https:\/\/bigcountrypetco.com\/fr\/produits\/"]}]},{"@type":"BreadcrumbList","@id":"https:\/\/bigcountrypetco.com\/fr\/produits\/#breadcrumb","itemListElement":[{"@type":"ListItem","position":1,"name":"Home","item":"https:\/\/bigcountrypetco.com\/fr\/"},{"@type":"ListItem","position":2,"name":"Produits"}]},{"@type":"WebSite","@id":"https:\/\/bigcountrypetco.com\/#website","url":"https:\/\/bigcountrypetco.com\/","name":"Big Country Pet Co","description":"Long live life.","potentialAction":[{"@type":"SearchAction","target":{"@type":"EntryPoint","urlTemplate":"https:\/\/bigcountrypetco.com\/?s={search_term_string}"},"query-input":"required name=search_term_string"}],"inLanguage":"fr-FR"}]}},"featured_image_src":null,"featured_image_src_square":null,"_links":{"self":[{"href":"https:\/\/bigcountrypetco.com\/fr\/wp-json\/wp\/v2\/pages\/596","targetHints":{"allow":["GET"]}}],"collection":[{"href":"https:\/\/bigcountrypetco.com\/fr\/wp-json\/wp\/v2\/pages"}],"about":[{"href":"https:\/\/bigcountrypetco.com\/fr\/wp-json\/wp\/v2\/types\/page"}],"author":[{"embeddable":true,"href":"https:\/\/bigcountrypetco.com\/fr\/wp-json\/wp\/v2\/users\/1"}],"replies":[{"embeddable":true,"href":"https:\/\/bigcountrypetco.com\/fr\/wp-json\/wp\/v2\/comments?post=596"}],"version-history":[{"count":0,"href":"https:\/\/bigcountrypetco.com\/fr\/wp-json\/wp\/v2\/pages\/596\/revisions"}],"wp:attachment":[{"href":"https:\/\/bigcountrypetco.com\/fr\/wp-json\/wp\/v2\/media?parent=596"}],"curies":[{"name":"wp","href":"https:\/\/api.w.org\/{rel}","templated":true}]}}